{"id":3079,"date":"2019-04-01T16:06:59","date_gmt":"2019-04-01T16:06:59","guid":{"rendered":"http:\/\/www.vigiasdelmediterraneo.com\/vdm\/?page_id=3079"},"modified":"2019-04-03T22:36:38","modified_gmt":"2019-04-03T22:36:38","slug":"torre-del-cap-de-lalcodra","status":"publish","type":"page","link":"http:\/\/www.vigiasdelmediterraneo.com\/vdm\/torres\/torre-del-cap-de-lalcodra\/","title":{"rendered":"Torre del Cap de l&#8217;Alcodr\u00e0"},"content":{"rendered":"<div class=\"tx-row tx-fullwidthrow tx-fwidth\" style=\"\"><div class=\"tx-fw-inner\" style=\"background-color: #ffffff; height: 250px; background-image: url(http:\/\/www.vigiasdelmediterraneo.com\/vdm\/wp-content\/uploads\/2019\/04\/B12-1.jpg); background-attachment: scroll; background-size: cover; \"><div class=\"tx-fw-overlay\" style=\"padding-bottom:0px; padding-top:0px; background-color: rgba(0,0,0,0.1);\"><div class=\"tx-fw-content\"><\/div><\/div><\/div><\/div>\n<div class=\"tx-row tx-fullwidthrow tx-fwidth\" style=\"\"><div class=\"tx-fw-inner\" style=\"background-color: #000; background-attachment: fixed; background-size: cover; \"><div class=\"tx-fw-overlay\" style=\"padding-bottom:32px; padding-top:32px; background-color: rgba(0,0,0,0.9);\"><div class=\"tx-fw-content\">\n<div class=\"tx-row \">\n<div class=\"tx-column tx-column-size-1-4\">\n<p><span style=\"color: #ffcc00;\"><strong><span style=\"color: #f69e05;\">Tambi\u00e9n llamada<br \/>\n<\/span><\/strong><\/span>Torre del Cabo de Alcodra, Torre del Cap de la Alcodra<\/p>\n<p><span style=\"color: #ffcc00;\"><span style=\"color: #f69e05;\"><strong>Est\u00e1 en<br \/>\n<\/strong><\/span><\/span>El Campello<br \/>\nL&#8217;Alacant\u00ed<br \/>\nAlicante<br \/>\nComunidad Valenciana<br \/>\nEspa\u00f1a<\/p>\n<p><span style=\"color: #ffcc00;\"><strong><span style=\"color: #f69e05;\">\u00c9poca<br \/>\n<\/span><\/strong><\/span>Siglo XVI<\/p>\n<p><strong><span style=\"color: #f69e05;\">Se comunica con<br \/>\n<\/span><\/strong>N &#8211; Torre de la Illeta &#8211; 9 km<br \/>\nS &#8211; Torre d\u2019Aigua Amarga &#8211; 11 km<\/p>\n<p><strong><span style=\"color: #f69e05;\">Estado actual<\/span><br \/>\n<\/strong>Desaparecida<\/p>\n<\/div>\n<div class=\"tx-column tx-column-size-3-4\">\n<p><a href=\"http:\/\/www.vigiasdelmediterraneo.com\/vdm\/wp-content\/uploads\/2019\/04\/12-1.jpg\"><img decoding=\"async\" loading=\"lazy\" class=\"alignnone wp-image-1973\" src=\"http:\/\/www.vigiasdelmediterraneo.com\/vdm\/wp-content\/uploads\/2019\/04\/12-1.jpg\" alt=\"\" width=\"900\" height=\"512\" \/><\/a><\/div>\n<\/div>\n<\/div><\/div><\/div><\/div>\n<p>&nbsp;<\/p>\n<p>Situada sobre el Cap de l\u2019Alcodr\u00e0 o de l\u2019Horta, a 53 metres sobre el nivel del mar.<\/p>\n<p>Construida a mediados del siglo XVI, por las Ordenanzas del Duque de Maqueda, formo parte de la red defensiva, cuyo fin principal era la de avistar con antelaci\u00f3n la llegada de posibles ataques de piratas berberiscos y la de avisar a las poblaciones cercanas, como las de la huerta alicantina y de la misma poblaci\u00f3n de Alicante, de un peligro eminente.<\/p>\n<p>Su campo de visi\u00f3n era enorme. Por el sur toda a bah\u00eda de Alicante hasta el Cabo de Santa Pola y por el norte toda la franja que comprend\u00eda El Campello, Villajoyosa, hasta la Sierra Helada en Benidorm<\/p>\n<p>La torre de la Alcodra se corresponde con el moderno faro del Cabo Las Huertas<\/p>\n<p>&nbsp;<\/p>\n<p style=\"text-align: justify;\"><span style=\"color: #f69e05;\">Era de planta circular con 2 garitas y un aljibe.<\/span><\/p>\n<p><span style=\"color: #f69e05;\">El faro actual se construy\u00f3, en 1856, sobre los restos de la antigua torre vig\u00eda, de la que a\u00fan pueden verse los restos de su base circular.<\/span><\/p>\n<p style=\"text-align: justify;\"><span style=\"color: #f69e05;\">\u00a0<\/span><\/p>\n<p>&nbsp;<\/p>\n<p>&nbsp;<\/p>\n<div class=\"tx-row \">\n<div class=\"tx-column tx-column-size-1-2\">\n<div data-carousel-extra='{\"blog_id\":1,\"permalink\":\"http:\\\/\\\/www.vigiasdelmediterraneo.com\\\/vdm\\\/torres\\\/torre-del-cap-de-lalcodra\\\/\"}' class=\"tiled-gallery type-rectangular\" data-original-width=\"604\"><div class=\"gallery-row\" style=\"width: 599px; height: 249px;\"><div class=\"gallery-group images-1\" style=\"width: 399px; height: 253px;\"><div class=\"tiled-gallery-item tiled-gallery-item-large\"><a href=\"http:\/\/www.vigiasdelmediterraneo.com\/vdm\/12-3\/\"><img data-attachment-id=\"3103\" data-orig-file=\"http:\/\/www.vigiasdelmediterraneo.com\/vdm\/wp-content\/uploads\/2019\/04\/12-1.jpg\" data-orig-size=\"1700,1074\" data-comments-opened=\"1\" data-image-meta=\"{&quot;aperture&quot;:&quot;0&quot;,&quot;credit&quot;:&quot;Usuari&quot;,&quot;camera&quot;:&quot;&quot;,&quot;caption&quot;:&quot;&quot;,&quot;created_timestamp&quot;:&quot;0&quot;,&quot;copyright&quot;:&quot;&quot;,&quot;focal_length&quot;:&quot;0&quot;,&quot;iso&quot;:&quot;0&quot;,&quot;shutter_speed&quot;:&quot;0&quot;,&quot;title&quot;:&quot;&quot;,&quot;orientation&quot;:&quot;1&quot;}\" data-image-title=\"12\" data-image-description=\"\" data-medium-file=\"http:\/\/www.vigiasdelmediterraneo.com\/vdm\/wp-content\/uploads\/2019\/04\/12-1-300x190.jpg\" data-large-file=\"http:\/\/www.vigiasdelmediterraneo.com\/vdm\/wp-content\/uploads\/2019\/04\/12-1-1024x647.jpg\" src=\"http:\/\/www.vigiasdelmediterraneo.com\/vdm\/wp-content\/uploads\/2019\/04\/12-1-395x249.jpg\" width=\"395\" height=\"249\" align=\"left\" title=\"12\" \/><\/a><\/div><\/div><div class=\"gallery-group images-2\" style=\"width: 200px; height: 253px;\"><div class=\"tiled-gallery-item tiled-gallery-item-small\"><a href=\"http:\/\/www.vigiasdelmediterraneo.com\/vdm\/v010-torre-del-cap-de-lalcodra-alicante-fotos-h-6-2\/\"><img data-attachment-id=\"3100\" data-orig-file=\"http:\/\/www.vigiasdelmediterraneo.com\/vdm\/wp-content\/uploads\/2019\/04\/V010-Torre-del-Cap-de-lAlcodr\u00e0-Alicante-Fotos-H-6-1.jpg\" data-orig-size=\"1192,694\" data-comments-opened=\"1\" data-image-meta=\"{&quot;aperture&quot;:&quot;0&quot;,&quot;credit&quot;:&quot;&quot;,&quot;camera&quot;:&quot;&quot;,&quot;caption&quot;:&quot;&quot;,&quot;created_timestamp&quot;:&quot;0&quot;,&quot;copyright&quot;:&quot;&quot;,&quot;focal_length&quot;:&quot;0&quot;,&quot;iso&quot;:&quot;0&quot;,&quot;shutter_speed&quot;:&quot;0&quot;,&quot;title&quot;:&quot;&quot;,&quot;orientation&quot;:&quot;1&quot;}\" data-image-title=\"V010 Torre del Cap de l&#8217;Alcodr\u00e0 &#8211; Alicante Fotos H (6)\" data-image-description=\"\" data-medium-file=\"http:\/\/www.vigiasdelmediterraneo.com\/vdm\/wp-content\/uploads\/2019\/04\/V010-Torre-del-Cap-de-lAlcodr\u00e0-Alicante-Fotos-H-6-1-300x175.jpg\" data-large-file=\"http:\/\/www.vigiasdelmediterraneo.com\/vdm\/wp-content\/uploads\/2019\/04\/V010-Torre-del-Cap-de-lAlcodr\u00e0-Alicante-Fotos-H-6-1-1024x596.jpg\" src=\"http:\/\/www.vigiasdelmediterraneo.com\/vdm\/wp-content\/uploads\/2019\/04\/V010-Torre-del-Cap-de-lAlcodr\u00e0-Alicante-Fotos-H-6-1-196x114.jpg\" width=\"196\" height=\"114\" align=\"left\" title=\"V010 Torre del Cap de l&#039;Alcodr\u00e0 - Alicante Fotos H (6)\" \/><\/a><\/div><div class=\"tiled-gallery-item tiled-gallery-item-small\"><a href=\"http:\/\/www.vigiasdelmediterraneo.com\/vdm\/v010-torre-del-cap-de-lalcodra-alicante-fotos-t-2-3\/\"><img data-attachment-id=\"3104\" data-orig-file=\"http:\/\/www.vigiasdelmediterraneo.com\/vdm\/wp-content\/uploads\/2019\/04\/V010-Torre-del-Cap-de-lAlcodr\u00e0-Alicante-Fotos-T-2-2.jpg\" data-orig-size=\"2000,1333\" data-comments-opened=\"1\" data-image-meta=\"{&quot;aperture&quot;:&quot;5.6&quot;,&quot;credit&quot;:&quot;&quot;,&quot;camera&quot;:&quot;DSC-RX100&quot;,&quot;caption&quot;:&quot;&quot;,&quot;created_timestamp&quot;:&quot;1407376248&quot;,&quot;copyright&quot;:&quot;&quot;,&quot;focal_length&quot;:&quot;37.1&quot;,&quot;iso&quot;:&quot;125&quot;,&quot;shutter_speed&quot;:&quot;0.0015625&quot;,&quot;title&quot;:&quot;&quot;,&quot;orientation&quot;:&quot;1&quot;}\" data-image-title=\"V010 Torre del Cap de l&#8217;Alcodr\u00e0 &#8211; Alicante Fotos T (2)\" data-image-description=\"\" data-medium-file=\"http:\/\/www.vigiasdelmediterraneo.com\/vdm\/wp-content\/uploads\/2019\/04\/V010-Torre-del-Cap-de-lAlcodr\u00e0-Alicante-Fotos-T-2-2-300x200.jpg\" data-large-file=\"http:\/\/www.vigiasdelmediterraneo.com\/vdm\/wp-content\/uploads\/2019\/04\/V010-Torre-del-Cap-de-lAlcodr\u00e0-Alicante-Fotos-T-2-2-1024x682.jpg\" src=\"http:\/\/www.vigiasdelmediterraneo.com\/vdm\/wp-content\/uploads\/2019\/04\/V010-Torre-del-Cap-de-lAlcodr\u00e0-Alicante-Fotos-T-2-2-196x131.jpg\" width=\"196\" height=\"131\" align=\"left\" title=\"V010 Torre del Cap de l&#039;Alcodr\u00e0 - Alicante Fotos T (2)\" \/><\/a><\/div><\/div><\/div><div class=\"gallery-row\" style=\"width: 599px; height: 893px;\"><div class=\"gallery-group images-1\" style=\"width: 599px; height: 897px;\"><div class=\"tiled-gallery-item tiled-gallery-item-large\"><a href=\"http:\/\/www.vigiasdelmediterraneo.com\/vdm\/v010-torre-del-cap-de-lalcodra-alicante-fotos-t-1-2\/\"><img data-attachment-id=\"3105\" data-orig-file=\"http:\/\/www.vigiasdelmediterraneo.com\/vdm\/wp-content\/uploads\/2019\/04\/V010-Torre-del-Cap-de-lAlcodr\u00e0-Alicante-Fotos-T-1-1.jpg\" data-orig-size=\"1333,2000\" data-comments-opened=\"1\" data-image-meta=\"{&quot;aperture&quot;:&quot;5.6&quot;,&quot;credit&quot;:&quot;&quot;,&quot;camera&quot;:&quot;DSC-RX100&quot;,&quot;caption&quot;:&quot;&quot;,&quot;created_timestamp&quot;:&quot;1407375990&quot;,&quot;copyright&quot;:&quot;&quot;,&quot;focal_length&quot;:&quot;37.1&quot;,&quot;iso&quot;:&quot;125&quot;,&quot;shutter_speed&quot;:&quot;0.005&quot;,&quot;title&quot;:&quot;&quot;,&quot;orientation&quot;:&quot;1&quot;}\" data-image-title=\"V010 Torre del Cap de l&#8217;Alcodr\u00e0 &#8211; Alicante Fotos T (1)\" data-image-description=\"\" data-medium-file=\"http:\/\/www.vigiasdelmediterraneo.com\/vdm\/wp-content\/uploads\/2019\/04\/V010-Torre-del-Cap-de-lAlcodr\u00e0-Alicante-Fotos-T-1-1-200x300.jpg\" data-large-file=\"http:\/\/www.vigiasdelmediterraneo.com\/vdm\/wp-content\/uploads\/2019\/04\/V010-Torre-del-Cap-de-lAlcodr\u00e0-Alicante-Fotos-T-1-1-682x1024.jpg\" src=\"http:\/\/www.vigiasdelmediterraneo.com\/vdm\/wp-content\/uploads\/2019\/04\/V010-Torre-del-Cap-de-lAlcodr\u00e0-Alicante-Fotos-T-1-1-595x893.jpg\" width=\"595\" height=\"893\" align=\"left\" title=\"V010 Torre del Cap de l&#039;Alcodr\u00e0 - Alicante Fotos T (1)\" \/><\/a><\/div><\/div><\/div><\/div>\n<\/div>\n<div class=\"tx-column tx-column-size-1-2\">\n<div data-carousel-extra='{\"blog_id\":1,\"permalink\":\"http:\\\/\\\/www.vigiasdelmediterraneo.com\\\/vdm\\\/torres\\\/torre-del-cap-de-lalcodra\\\/\"}' class=\"tiled-gallery type-rectangular\" data-original-width=\"604\"><div class=\"gallery-row\" style=\"width: 599px; height: 256px;\"><div class=\"gallery-group images-1\" style=\"width: 409px; height: 260px;\"><div class=\"tiled-gallery-item tiled-gallery-item-large\"><a href=\"http:\/\/www.vigiasdelmediterraneo.com\/vdm\/v010-torre-del-cap-de-lalcodra-alicante-fotos-h-3-2\/\"><img data-attachment-id=\"3097\" data-orig-file=\"http:\/\/www.vigiasdelmediterraneo.com\/vdm\/wp-content\/uploads\/2019\/04\/V010-Torre-del-Cap-de-lAlcodr\u00e0-Alicante-Fotos-H-3-1.jpg\" data-orig-size=\"1200,758\" data-comments-opened=\"1\" data-image-meta=\"{&quot;aperture&quot;:&quot;0&quot;,&quot;credit&quot;:&quot;Usuari&quot;,&quot;camera&quot;:&quot;&quot;,&quot;caption&quot;:&quot;&quot;,&quot;created_timestamp&quot;:&quot;0&quot;,&quot;copyright&quot;:&quot;&quot;,&quot;focal_length&quot;:&quot;0&quot;,&quot;iso&quot;:&quot;0&quot;,&quot;shutter_speed&quot;:&quot;0&quot;,&quot;title&quot;:&quot;&quot;,&quot;orientation&quot;:&quot;1&quot;}\" data-image-title=\"V010 Torre del Cap de l&#8217;Alcodr\u00e0 &#8211; Alicante Fotos H (3)\" data-image-description=\"\" data-medium-file=\"http:\/\/www.vigiasdelmediterraneo.com\/vdm\/wp-content\/uploads\/2019\/04\/V010-Torre-del-Cap-de-lAlcodr\u00e0-Alicante-Fotos-H-3-1-300x190.jpg\" data-large-file=\"http:\/\/www.vigiasdelmediterraneo.com\/vdm\/wp-content\/uploads\/2019\/04\/V010-Torre-del-Cap-de-lAlcodr\u00e0-Alicante-Fotos-H-3-1-1024x647.jpg\" src=\"http:\/\/www.vigiasdelmediterraneo.com\/vdm\/wp-content\/uploads\/2019\/04\/V010-Torre-del-Cap-de-lAlcodr\u00e0-Alicante-Fotos-H-3-1-405x256.jpg\" width=\"405\" height=\"256\" align=\"left\" title=\"V010 Torre del Cap de l&#039;Alcodr\u00e0 - Alicante Fotos H (3)\" \/><\/a><\/div><\/div><div class=\"gallery-group images-1\" style=\"width: 190px; height: 260px;\"><div class=\"tiled-gallery-item tiled-gallery-item-small\"><a href=\"http:\/\/www.vigiasdelmediterraneo.com\/vdm\/v010-torre-del-cap-de-lalcodra-alicante-fotos-h-1-2\/\"><img data-attachment-id=\"3095\" data-orig-file=\"http:\/\/www.vigiasdelmediterraneo.com\/vdm\/wp-content\/uploads\/2019\/04\/V010-Torre-del-Cap-de-lAlcodr\u00e0-Alicante-Fotos-H-1-1.jpg\" data-orig-size=\"1451,2000\" data-comments-opened=\"1\" data-image-meta=\"{&quot;aperture&quot;:&quot;0&quot;,&quot;credit&quot;:&quot;&quot;,&quot;camera&quot;:&quot;&quot;,&quot;caption&quot;:&quot;&quot;,&quot;created_timestamp&quot;:&quot;0&quot;,&quot;copyright&quot;:&quot;&quot;,&quot;focal_length&quot;:&quot;0&quot;,&quot;iso&quot;:&quot;0&quot;,&quot;shutter_speed&quot;:&quot;0&quot;,&quot;title&quot;:&quot;&quot;,&quot;orientation&quot;:&quot;1&quot;}\" data-image-title=\"V010 Torre del Cap de l&#8217;Alcodr\u00e0 &#8211; Alicante Fotos H (1)\" data-image-description=\"\" data-medium-file=\"http:\/\/www.vigiasdelmediterraneo.com\/vdm\/wp-content\/uploads\/2019\/04\/V010-Torre-del-Cap-de-lAlcodr\u00e0-Alicante-Fotos-H-1-1-218x300.jpg\" data-large-file=\"http:\/\/www.vigiasdelmediterraneo.com\/vdm\/wp-content\/uploads\/2019\/04\/V010-Torre-del-Cap-de-lAlcodr\u00e0-Alicante-Fotos-H-1-1-743x1024.jpg\" src=\"http:\/\/www.vigiasdelmediterraneo.com\/vdm\/wp-content\/uploads\/2019\/04\/V010-Torre-del-Cap-de-lAlcodr\u00e0-Alicante-Fotos-H-1-1-186x256.jpg\" width=\"186\" height=\"256\" align=\"left\" title=\"V010 Torre del Cap de l&#039;Alcodr\u00e0 - Alicante Fotos H (1)\" \/><\/a><\/div><\/div><\/div><div class=\"gallery-row\" style=\"width: 599px; height: 261px;\"><div class=\"gallery-group images-2\" style=\"width: 233px; height: 265px;\"><div class=\"tiled-gallery-item tiled-gallery-item-small\"><a href=\"http:\/\/www.vigiasdelmediterraneo.com\/vdm\/v010-torre-del-cap-de-lalcodra-alicante-fotos-h-2-2\/\"><img data-attachment-id=\"3096\" data-orig-file=\"http:\/\/www.vigiasdelmediterraneo.com\/vdm\/wp-content\/uploads\/2019\/04\/V010-Torre-del-Cap-de-lAlcodr\u00e0-Alicante-Fotos-H-2-1.jpg\" data-orig-size=\"1550,768\" data-comments-opened=\"1\" data-image-meta=\"{&quot;aperture&quot;:&quot;0&quot;,&quot;credit&quot;:&quot;&quot;,&quot;camera&quot;:&quot;&quot;,&quot;caption&quot;:&quot;&quot;,&quot;created_timestamp&quot;:&quot;0&quot;,&quot;copyright&quot;:&quot;&quot;,&quot;focal_length&quot;:&quot;0&quot;,&quot;iso&quot;:&quot;0&quot;,&quot;shutter_speed&quot;:&quot;0&quot;,&quot;title&quot;:&quot;&quot;,&quot;orientation&quot;:&quot;1&quot;}\" data-image-title=\"V010 Torre del Cap de l&#8217;Alcodr\u00e0 &#8211; Alicante Fotos H (2)\" data-image-description=\"\" data-medium-file=\"http:\/\/www.vigiasdelmediterraneo.com\/vdm\/wp-content\/uploads\/2019\/04\/V010-Torre-del-Cap-de-lAlcodr\u00e0-Alicante-Fotos-H-2-1-300x149.jpg\" data-large-file=\"http:\/\/www.vigiasdelmediterraneo.com\/vdm\/wp-content\/uploads\/2019\/04\/V010-Torre-del-Cap-de-lAlcodr\u00e0-Alicante-Fotos-H-2-1-1024x507.jpg\" src=\"http:\/\/www.vigiasdelmediterraneo.com\/vdm\/wp-content\/uploads\/2019\/04\/V010-Torre-del-Cap-de-lAlcodr\u00e0-Alicante-Fotos-H-2-1-229x114.jpg\" width=\"229\" height=\"114\" align=\"left\" title=\"V010 Torre del Cap de l&#039;Alcodr\u00e0 - Alicante Fotos H (2)\" \/><\/a><\/div><div class=\"tiled-gallery-item tiled-gallery-item-small\"><a href=\"http:\/\/www.vigiasdelmediterraneo.com\/vdm\/v010-torre-del-cap-de-lalcodra-alicante-fotos-h-5-2\/\"><img data-attachment-id=\"3099\" data-orig-file=\"http:\/\/www.vigiasdelmediterraneo.com\/vdm\/wp-content\/uploads\/2019\/04\/V010-Torre-del-Cap-de-lAlcodr\u00e0-Alicante-Fotos-H-5-1.jpg\" data-orig-size=\"1200,751\" data-comments-opened=\"1\" data-image-meta=\"{&quot;aperture&quot;:&quot;0&quot;,&quot;credit&quot;:&quot;&quot;,&quot;camera&quot;:&quot;&quot;,&quot;caption&quot;:&quot;&quot;,&quot;created_timestamp&quot;:&quot;0&quot;,&quot;copyright&quot;:&quot;&quot;,&quot;focal_length&quot;:&quot;0&quot;,&quot;iso&quot;:&quot;0&quot;,&quot;shutter_speed&quot;:&quot;0&quot;,&quot;title&quot;:&quot;&quot;,&quot;orientation&quot;:&quot;1&quot;}\" data-image-title=\"V010 Torre del Cap de l&#8217;Alcodr\u00e0 &#8211; Alicante Fotos H (5)\" data-image-description=\"\" data-medium-file=\"http:\/\/www.vigiasdelmediterraneo.com\/vdm\/wp-content\/uploads\/2019\/04\/V010-Torre-del-Cap-de-lAlcodr\u00e0-Alicante-Fotos-H-5-1-300x188.jpg\" data-large-file=\"http:\/\/www.vigiasdelmediterraneo.com\/vdm\/wp-content\/uploads\/2019\/04\/V010-Torre-del-Cap-de-lAlcodr\u00e0-Alicante-Fotos-H-5-1-1024x641.jpg\" src=\"http:\/\/www.vigiasdelmediterraneo.com\/vdm\/wp-content\/uploads\/2019\/04\/V010-Torre-del-Cap-de-lAlcodr\u00e0-Alicante-Fotos-H-5-1-229x143.jpg\" width=\"229\" height=\"143\" align=\"left\" title=\"V010 Torre del Cap de l&#039;Alcodr\u00e0 - Alicante Fotos H (5)\" \/><\/a><\/div><\/div><div class=\"gallery-group images-1\" style=\"width: 366px; height: 265px;\"><div class=\"tiled-gallery-item tiled-gallery-item-large\"><a href=\"http:\/\/www.vigiasdelmediterraneo.com\/vdm\/v010-torre-del-cap-de-lalcodra-alicante-fotos-h-4-2\/\"><img data-attachment-id=\"3098\" data-orig-file=\"http:\/\/www.vigiasdelmediterraneo.com\/vdm\/wp-content\/uploads\/2019\/04\/V010-Torre-del-Cap-de-lAlcodr\u00e0-Alicante-Fotos-H-4-1.jpg\" data-orig-size=\"2500,1798\" data-comments-opened=\"1\" data-image-meta=\"{&quot;aperture&quot;:&quot;0&quot;,&quot;credit&quot;:&quot;&quot;,&quot;camera&quot;:&quot;&quot;,&quot;caption&quot;:&quot;&quot;,&quot;created_timestamp&quot;:&quot;0&quot;,&quot;copyright&quot;:&quot;&quot;,&quot;focal_length&quot;:&quot;0&quot;,&quot;iso&quot;:&quot;0&quot;,&quot;shutter_speed&quot;:&quot;0&quot;,&quot;title&quot;:&quot;&quot;,&quot;orientation&quot;:&quot;1&quot;}\" data-image-title=\"V010 Torre del Cap de l&#8217;Alcodr\u00e0 &#8211; Alicante Fotos H (4)\" data-image-description=\"\" data-medium-file=\"http:\/\/www.vigiasdelmediterraneo.com\/vdm\/wp-content\/uploads\/2019\/04\/V010-Torre-del-Cap-de-lAlcodr\u00e0-Alicante-Fotos-H-4-1-300x216.jpg\" data-large-file=\"http:\/\/www.vigiasdelmediterraneo.com\/vdm\/wp-content\/uploads\/2019\/04\/V010-Torre-del-Cap-de-lAlcodr\u00e0-Alicante-Fotos-H-4-1-1024x736.jpg\" src=\"http:\/\/www.vigiasdelmediterraneo.com\/vdm\/wp-content\/uploads\/2019\/04\/V010-Torre-del-Cap-de-lAlcodr\u00e0-Alicante-Fotos-H-4-1-362x261.jpg\" width=\"362\" height=\"261\" align=\"left\" title=\"V010 Torre del Cap de l&#039;Alcodr\u00e0 - Alicante Fotos H (4)\" \/><\/a><\/div><\/div><\/div><\/div>\n<\/div>\n<\/div>\n<div class=\"tx-row  tx-fwidth\" style=\"\"><div class=\"tx-fw-inner\" style=\"background-color: #f69e05; background-attachment: fixed; background-size: cover; \"><div class=\"tx-fw-overlay\" style=\"padding-bottom:15px; padding-top:15px; background-color: rgba(0,0,0,0.1);\"><div class=\"tx-fw-content\"><span style=\"color: #ffffff;\"><strong>GPS<br \/>\n<\/strong><\/span>38\u00b021&#8217;10.7&#8243;N 0\u00b024&#8217;17.5&#8243;W<br \/>\n38.352983, -0.404858<\/div><\/div><\/div><\/div>\n<p><iframe loading=\"lazy\" style=\"border: 0;\" src=\"https:\/\/www.google.com\/maps\/embed?pb=!1m18!1m12!1m3!1d2212.419382114799!2d-0.40681312237120143!3d38.352835671221534!2m3!1f0!2f0!3f0!3m2!1i1024!2i768!4f13.1!3m3!1m2!1s0x0%3A0x0!2zMzjCsDIxJzEwLjciTiAwwrAyNCcxNy41Ilc!5e0!3m2!1ses!2ses!4v1554136431707!5m2!1ses!2ses\" width=\"1500\" height=\"500\" frameborder=\"0\" allowfullscreen=\"allowfullscreen\"><\/iframe><\/p>\n<h3><div class=\"tx-row  tx-fwidth\" style=\"\"><div class=\"tx-fw-inner\" style=\"background-color: #f69e05; background-attachment: fixed; background-size: cover; \"><div class=\"tx-fw-overlay\" style=\"padding-bottom:15px; padding-top:15px; background-color: rgba(0,0,0,0.1);\"><div class=\"tx-fw-content\"> Para Saber M\u00e1s <\/div><\/div><\/div><\/div><\/h3>\n<p>&nbsp;<\/p>\n<p><a href=\"https:\/\/es.wikipedia.org\/wiki\/Torre_del_Rey_(Oropesa)\"><img decoding=\"async\" loading=\"lazy\" class=\"wp-image-2015 alignnone\" src=\"http:\/\/www.vigiasdelmediterraneo.com\/vdm\/wp-content\/uploads\/2019\/03\/IconoWEB.png\" alt=\"\" width=\"70\" height=\"70\" \/><\/a><a href=\"https:\/\/toviva.blogs.upv.es\/torre-del-cap-de-lalcodra\/\"><span style=\"color: #f69e05;\">\u00a0Torre del Cap de l&#8217;Alcodr\u00e0 <\/span><\/a><\/p>\n<p>&nbsp;<\/p>\n<p>&nbsp;<\/p>\n<div class=\"tx-row tx-fullwidthrow tx-fwidth\" style=\"\"><div class=\"tx-fw-inner\" style=\"background-color: ; height: 300px; background-image: url(http:\/\/www.vigiasdelmediterraneo.com\/vdm\/wp-content\/uploads\/2019\/04\/Alicante-4.jpg); background-attachment: scroll; background-size: cover; \"><div class=\"tx-fw-overlay\" style=\"padding-bottom:32px; padding-top:32px; background-color: rgba(0,0,0,0.1);\"><div class=\"tx-fw-content\"><\/div><\/div><\/div><\/div>\n<p>&nbsp;<\/p>\n<p style=\"text-align: left;\"><div class=\"tx-row \">\n<div class=\"tx-column tx-column-size-1-4\"><a href=\"http:\/\/www.elcampelloturismo.com\/campelloNew\/web_php\/index.php\" target=\"_blank\" rel=\"noopener\"><img decoding=\"async\" loading=\"lazy\" class=\"aligncenter wp-image-2860\" src=\"http:\/\/www.vigiasdelmediterraneo.com\/vdm\/wp-content\/uploads\/2019\/04\/Enlaces-ICON-150x150.jpg\" alt=\"\" width=\"200\" height=\"200\" srcset=\"http:\/\/www.vigiasdelmediterraneo.com\/vdm\/wp-content\/uploads\/2019\/04\/Enlaces-ICON-150x150.jpg 150w, http:\/\/www.vigiasdelmediterraneo.com\/vdm\/wp-content\/uploads\/2019\/04\/Enlaces-ICON.jpg 300w\" sizes=\"(max-width: 200px) 100vw, 200px\" \/><\/a><\/div>\n<div class=\"tx-column tx-column-size-1-4\"><a href=\"http:\/\/www.elcampelloturismo.com\/sub\/322\/historia.html\" target=\"_blank\" rel=\"noopener\"><img decoding=\"async\" loading=\"lazy\" class=\"aligncenter wp-image-2863\" src=\"http:\/\/www.vigiasdelmediterraneo.com\/vdm\/wp-content\/uploads\/2019\/04\/Historia-ICON-150x150.jpg\" alt=\"\" width=\"200\" height=\"200\" srcset=\"http:\/\/www.vigiasdelmediterraneo.com\/vdm\/wp-content\/uploads\/2019\/04\/Historia-ICON-150x150.jpg 150w, http:\/\/www.vigiasdelmediterraneo.com\/vdm\/wp-content\/uploads\/2019\/04\/Historia-ICON.jpg 300w\" sizes=\"(max-width: 200px) 100vw, 200px\" \/><\/a><\/div>\n<div class=\"tx-column tx-column-size-1-4\"><a href=\"http:\/\/www.elcampelloturismo.com\/sub\/437\/fiestas-.html\" target=\"_blank\" rel=\"noopener\"><img decoding=\"async\" loading=\"lazy\" class=\"aligncenter wp-image-2861\" src=\"http:\/\/www.vigiasdelmediterraneo.com\/vdm\/wp-content\/uploads\/2019\/04\/Fiestas-ICON-150x150.jpg\" alt=\"\" width=\"200\" height=\"200\" srcset=\"http:\/\/www.vigiasdelmediterraneo.com\/vdm\/wp-content\/uploads\/2019\/04\/Fiestas-ICON-150x150.jpg 150w, http:\/\/www.vigiasdelmediterraneo.com\/vdm\/wp-content\/uploads\/2019\/04\/Fiestas-ICON.jpg 300w\" sizes=\"(max-width: 200px) 100vw, 200px\" \/><\/a><\/div>\n<div class=\"tx-column tx-column-size-1-4\"><a href=\"http:\/\/www.elcampelloturismo.com\/sub\/344\/publicaciones-gastronomicas.html\" target=\"_blank\" rel=\"noopener\"><img decoding=\"async\" loading=\"lazy\" class=\"aligncenter wp-image-2862\" src=\"http:\/\/www.vigiasdelmediterraneo.com\/vdm\/wp-content\/uploads\/2019\/04\/Gastro-ICON-150x150.jpg\" alt=\"\" width=\"200\" height=\"200\" srcset=\"http:\/\/www.vigiasdelmediterraneo.com\/vdm\/wp-content\/uploads\/2019\/04\/Gastro-ICON-150x150.jpg 150w, http:\/\/www.vigiasdelmediterraneo.com\/vdm\/wp-content\/uploads\/2019\/04\/Gastro-ICON.jpg 300w\" sizes=\"(max-width: 200px) 100vw, 200px\" \/><\/a><\/div>\n<\/div>\n<p>&nbsp;<\/p>\n<p><!-- TEXTO OCULTO --><\/p>\n<p>&nbsp;<\/p>\n","protected":false},"excerpt":{"rendered":"<p>&nbsp; Situada sobre el Cap de l\u2019Alcodr\u00e0 o de l\u2019Horta, a 53 metres sobre el nivel del mar. Construida a mediados del siglo XVI, por las Ordenanzas del Duque de Maqueda, formo<a class=\"moretag\" href=\"http:\/\/www.vigiasdelmediterraneo.com\/vdm\/torres\/torre-del-cap-de-lalcodra\/\">Read More&#8230;<\/a><\/p>\n","protected":false},"author":1,"featured_media":0,"parent":73,"menu_order":0,"comment_status":"closed","ping_status":"closed","template":"","meta":{"footnotes":""},"categories":[6],"tags":[117],"_links":{"self":[{"href":"http:\/\/www.vigiasdelmediterraneo.com\/vdm\/wp-json\/wp\/v2\/pages\/3079"}],"collection":[{"href":"http:\/\/www.vigiasdelmediterraneo.com\/vdm\/wp-json\/wp\/v2\/pages"}],"about":[{"href":"http:\/\/www.vigiasdelmediterraneo.com\/vdm\/wp-json\/wp\/v2\/types\/page"}],"author":[{"embeddable":true,"href":"http:\/\/www.vigiasdelmediterraneo.com\/vdm\/wp-json\/wp\/v2\/users\/1"}],"replies":[{"embeddable":true,"href":"http:\/\/www.vigiasdelmediterraneo.com\/vdm\/wp-json\/wp\/v2\/comments?post=3079"}],"version-history":[{"count":8,"href":"http:\/\/www.vigiasdelmediterraneo.com\/vdm\/wp-json\/wp\/v2\/pages\/3079\/revisions"}],"predecessor-version":[{"id":4075,"href":"http:\/\/www.vigiasdelmediterraneo.com\/vdm\/wp-json\/wp\/v2\/pages\/3079\/revisions\/4075"}],"up":[{"embeddable":true,"href":"http:\/\/www.vigiasdelmediterraneo.com\/vdm\/wp-json\/wp\/v2\/pages\/73"}],"wp:attachment":[{"href":"http:\/\/www.vigiasdelmediterraneo.com\/vdm\/wp-json\/wp\/v2\/media?parent=3079"}],"wp:term":[{"taxonomy":"category","embeddable":true,"href":"http:\/\/www.vigiasdelmediterraneo.com\/vdm\/wp-json\/wp\/v2\/categories?post=3079"},{"taxonomy":"post_tag","embeddable":true,"href":"http:\/\/www.vigiasdelmediterraneo.com\/vdm\/wp-json\/wp\/v2\/tags?post=3079"}],"curies":[{"name":"wp","href":"https:\/\/api.w.org\/{rel}","templated":true}]}}