{"id":3587,"date":"2019-04-02T03:59:29","date_gmt":"2019-04-02T03:59:29","guid":{"rendered":"http:\/\/www.vigiasdelmediterraneo.com\/vdm\/?page_id=3587"},"modified":"2019-04-08T17:59:28","modified_gmt":"2019-04-08T17:59:28","slug":"torre-de-la-colomera","status":"publish","type":"page","link":"http:\/\/www.vigiasdelmediterraneo.com\/vdm\/torres\/torre-de-la-colomera\/","title":{"rendered":"Torre de la Colomera"},"content":{"rendered":"<div class=\"tx-row tx-fullwidthrow tx-fwidth\" style=\"\"><div class=\"tx-fw-inner\" style=\"background-color: #ffffff; height: 250px; background-image: url(http:\/\/www.vigiasdelmediterraneo.com\/vdm\/wp-content\/uploads\/2019\/04\/B48.jpg); background-attachment: scroll; background-size: cover; \"><div class=\"tx-fw-overlay\" style=\"padding-bottom:0px; padding-top:0px; background-color: rgba(0,0,0,0.1);\"><div class=\"tx-fw-content\"><\/div><\/div><\/div><\/div>\n<div class=\"tx-row tx-fullwidthrow tx-fwidth\" style=\"\"><div class=\"tx-fw-inner\" style=\"background-color: #000; background-attachment: fixed; background-size: cover; \"><div class=\"tx-fw-overlay\" style=\"padding-bottom:32px; padding-top:32px; background-color: rgba(0,0,0,0.9);\"><div class=\"tx-fw-content\">\n<div class=\"tx-row \">\n<div class=\"tx-column tx-column-size-1-4\">\n<p><span style=\"color: #ffcc00;\"><strong><span style=\"color: #f69e05;\">Tambi\u00e9n llamada<br \/>\n<\/span><\/strong><\/span>Torre de Colomeras, Torre del Colomeral, Torre de las Colomeras, Torre del Colomer.<\/p>\n<p><span style=\"color: #ffcc00;\"><span style=\"color: #f69e05;\"><strong>Est\u00e1 en<br \/>\n<\/strong><\/span><\/span>Orpesa\/Oropesa del Mar<br \/>\nLa Plana Alta<br \/>\nCastell\u00f3n<br \/>\nComunidad Valenciana<br \/>\nEspa\u00f1a<\/p>\n<p><span style=\"color: #ffcc00;\"><strong><span style=\"color: #f69e05;\">\u00c9poca<br \/>\n<\/span><\/strong><\/span>Siglo XVI<\/p>\n<p><strong><span style=\"color: #f69e05;\">Se comunica con<br \/>\n<\/span><\/strong>N &#8211; Torre de la Cord\u00e0 &#8211; 1,9 km<br \/>\nS &#8211; Torre San Juli\u00e1n &#8211; 1,2 km<\/p>\n<p><strong><span style=\"color: #f69e05;\">Estado actual<\/span><br \/>\n<\/strong>Restaurada<\/p>\n<\/div>\n<div class=\"tx-column tx-column-size-3-4\">\n<p><a href=\"http:\/\/www.vigiasdelmediterraneo.com\/vdm\/wp-content\/uploads\/2019\/04\/48.jpg\"><img decoding=\"async\" loading=\"lazy\" class=\"alignnone wp-image-1973\" src=\"http:\/\/www.vigiasdelmediterraneo.com\/vdm\/wp-content\/uploads\/2019\/04\/48.jpg\" alt=\"\" width=\"900\" height=\"512\" \/><\/a><\/div>\n<\/div>\n<\/div><\/div><\/div><\/div>\n<p>&nbsp;<\/p>\n<p>Construida en 1553, junto con la torre de la Corda. A estas dos torres, junto con las de &#8220;Badum&#8221; en Pe\u00f1\u00edscola y &#8220;Ebr\u00ed&#8221; en Alcal\u00e0 de Xivert se las conoce como &#8220;Las Colomeras&#8221;.<\/p>\n<p>&nbsp;<\/p>\n<p style=\"text-align: justify;\"><span style=\"color: #f69e05;\">Troncoc\u00f3nica. Construida en mamposter\u00eda. Tiene peque\u00f1as aspilleras situadas a diferentes alturas.<br \/>\n<\/span><\/p>\n<p style=\"text-align: justify;\"><span style=\"color: #f69e05;\">\u00a0<\/span><\/p>\n<p>&nbsp;<\/p>\n<p>&nbsp;<\/p>\n<div class=\"tx-row \">\n<div class=\"tx-column tx-column-size-1-2\">\n<div data-carousel-extra='{\"blog_id\":1,\"permalink\":\"http:\\\/\\\/www.vigiasdelmediterraneo.com\\\/vdm\\\/torres\\\/torre-de-la-colomera\\\/\"}' class=\"tiled-gallery type-rectangular\" data-original-width=\"604\"><div class=\"gallery-row\" style=\"width: 599px; height: 443px;\"><div class=\"gallery-group images-1\" style=\"width: 300px; height: 447px;\"><div class=\"tiled-gallery-item tiled-gallery-item-large\"><a href=\"http:\/\/www.vigiasdelmediterraneo.com\/vdm\/v046-torre-de-la-colomera-oropesa-fotos-5\/\"><img data-attachment-id=\"3596\" data-orig-file=\"http:\/\/www.vigiasdelmediterraneo.com\/vdm\/wp-content\/uploads\/2019\/04\/V046-Torre-de-la-Colomera-Oropesa-Fotos-5.jpg\" data-orig-size=\"1467,2200\" data-comments-opened=\"1\" data-image-meta=\"{&quot;aperture&quot;:&quot;8&quot;,&quot;credit&quot;:&quot;&quot;,&quot;camera&quot;:&quot;Canon EOS 5D Mark II&quot;,&quot;caption&quot;:&quot;&quot;,&quot;created_timestamp&quot;:&quot;1448624456&quot;,&quot;copyright&quot;:&quot;&quot;,&quot;focal_length&quot;:&quot;100&quot;,&quot;iso&quot;:&quot;125&quot;,&quot;shutter_speed&quot;:&quot;0.0025&quot;,&quot;title&quot;:&quot;&quot;,&quot;orientation&quot;:&quot;1&quot;}\" data-image-title=\"V046 Torre de la Colomera &#8211; Oropesa Fotos (5)\" data-image-description=\"\" data-medium-file=\"http:\/\/www.vigiasdelmediterraneo.com\/vdm\/wp-content\/uploads\/2019\/04\/V046-Torre-de-la-Colomera-Oropesa-Fotos-5-200x300.jpg\" data-large-file=\"http:\/\/www.vigiasdelmediterraneo.com\/vdm\/wp-content\/uploads\/2019\/04\/V046-Torre-de-la-Colomera-Oropesa-Fotos-5-683x1024.jpg\" src=\"http:\/\/www.vigiasdelmediterraneo.com\/vdm\/wp-content\/uploads\/2019\/04\/V046-Torre-de-la-Colomera-Oropesa-Fotos-5-296x443.jpg\" width=\"296\" height=\"443\" align=\"left\" title=\"V046 Torre de la Colomera - Oropesa Fotos (5)\" \/><\/a><\/div><\/div><div class=\"gallery-group images-1\" style=\"width: 299px; height: 447px;\"><div class=\"tiled-gallery-item tiled-gallery-item-large\"><a href=\"http:\/\/www.vigiasdelmediterraneo.com\/vdm\/v046-torre-de-la-colomera-oropesa-fotos-4\/\"><img data-attachment-id=\"3595\" data-orig-file=\"http:\/\/www.vigiasdelmediterraneo.com\/vdm\/wp-content\/uploads\/2019\/04\/V046-Torre-de-la-Colomera-Oropesa-Fotos-4.jpg\" data-orig-size=\"1467,2200\" data-comments-opened=\"1\" data-image-meta=\"{&quot;aperture&quot;:&quot;8&quot;,&quot;credit&quot;:&quot;&quot;,&quot;camera&quot;:&quot;Canon EOS 5D Mark II&quot;,&quot;caption&quot;:&quot;&quot;,&quot;created_timestamp&quot;:&quot;1448623999&quot;,&quot;copyright&quot;:&quot;&quot;,&quot;focal_length&quot;:&quot;24&quot;,&quot;iso&quot;:&quot;125&quot;,&quot;shutter_speed&quot;:&quot;0.003125&quot;,&quot;title&quot;:&quot;&quot;,&quot;orientation&quot;:&quot;1&quot;}\" data-image-title=\"V046 Torre de la Colomera &#8211; Oropesa Fotos (4)\" data-image-description=\"\" data-medium-file=\"http:\/\/www.vigiasdelmediterraneo.com\/vdm\/wp-content\/uploads\/2019\/04\/V046-Torre-de-la-Colomera-Oropesa-Fotos-4-200x300.jpg\" data-large-file=\"http:\/\/www.vigiasdelmediterraneo.com\/vdm\/wp-content\/uploads\/2019\/04\/V046-Torre-de-la-Colomera-Oropesa-Fotos-4-683x1024.jpg\" src=\"http:\/\/www.vigiasdelmediterraneo.com\/vdm\/wp-content\/uploads\/2019\/04\/V046-Torre-de-la-Colomera-Oropesa-Fotos-4-295x443.jpg\" width=\"295\" height=\"443\" align=\"left\" title=\"V046 Torre de la Colomera - Oropesa Fotos (4)\" \/><\/a><\/div><\/div><\/div><div class=\"gallery-row\" style=\"width: 599px; height: 397px;\"><div class=\"gallery-group images-1\" style=\"width: 599px; height: 401px;\"><div class=\"tiled-gallery-item tiled-gallery-item-large\"><a href=\"http:\/\/www.vigiasdelmediterraneo.com\/vdm\/v046-torre-de-la-colomera-oropesa-fotos-6\/\"><img data-attachment-id=\"3597\" data-orig-file=\"http:\/\/www.vigiasdelmediterraneo.com\/vdm\/wp-content\/uploads\/2019\/04\/V046-Torre-de-la-Colomera-Oropesa-Fotos-6.jpg\" data-orig-size=\"2200,1467\" data-comments-opened=\"1\" data-image-meta=\"{&quot;aperture&quot;:&quot;8&quot;,&quot;credit&quot;:&quot;&quot;,&quot;camera&quot;:&quot;Canon EOS 5D Mark II&quot;,&quot;caption&quot;:&quot;&quot;,&quot;created_timestamp&quot;:&quot;1448619717&quot;,&quot;copyright&quot;:&quot;&quot;,&quot;focal_length&quot;:&quot;70&quot;,&quot;iso&quot;:&quot;125&quot;,&quot;shutter_speed&quot;:&quot;0.0025&quot;,&quot;title&quot;:&quot;&quot;,&quot;orientation&quot;:&quot;1&quot;}\" data-image-title=\"V046 Torre de la Colomera &#8211; Oropesa Fotos (6)\" data-image-description=\"\" data-medium-file=\"http:\/\/www.vigiasdelmediterraneo.com\/vdm\/wp-content\/uploads\/2019\/04\/V046-Torre-de-la-Colomera-Oropesa-Fotos-6-300x200.jpg\" data-large-file=\"http:\/\/www.vigiasdelmediterraneo.com\/vdm\/wp-content\/uploads\/2019\/04\/V046-Torre-de-la-Colomera-Oropesa-Fotos-6-1024x683.jpg\" src=\"http:\/\/www.vigiasdelmediterraneo.com\/vdm\/wp-content\/uploads\/2019\/04\/V046-Torre-de-la-Colomera-Oropesa-Fotos-6-595x397.jpg\" width=\"595\" height=\"397\" align=\"left\" title=\"V046 Torre de la Colomera - Oropesa Fotos (6)\" \/><\/a><\/div><\/div><\/div><\/div>\n<\/div>\n<div class=\"tx-column tx-column-size-1-2\">\n<div data-carousel-extra='{\"blog_id\":1,\"permalink\":\"http:\\\/\\\/www.vigiasdelmediterraneo.com\\\/vdm\\\/torres\\\/torre-de-la-colomera\\\/\"}' class=\"tiled-gallery type-rectangular\" data-original-width=\"604\"><div class=\"gallery-row\" style=\"width: 599px; height: 264px;\"><div class=\"gallery-group images-1\" style=\"width: 400px; height: 268px;\"><div class=\"tiled-gallery-item tiled-gallery-item-large\"><a href=\"http:\/\/www.vigiasdelmediterraneo.com\/vdm\/v046-torre-de-la-colomera-oropesa-fotos-2\/\"><img data-attachment-id=\"3593\" data-orig-file=\"http:\/\/www.vigiasdelmediterraneo.com\/vdm\/wp-content\/uploads\/2019\/04\/V046-Torre-de-la-Colomera-Oropesa-Fotos-2.jpg\" data-orig-size=\"2200,1467\" data-comments-opened=\"1\" data-image-meta=\"{&quot;aperture&quot;:&quot;8&quot;,&quot;credit&quot;:&quot;&quot;,&quot;camera&quot;:&quot;Canon EOS 5D Mark II&quot;,&quot;caption&quot;:&quot;&quot;,&quot;created_timestamp&quot;:&quot;1448620761&quot;,&quot;copyright&quot;:&quot;&quot;,&quot;focal_length&quot;:&quot;17&quot;,&quot;iso&quot;:&quot;125&quot;,&quot;shutter_speed&quot;:&quot;0.002&quot;,&quot;title&quot;:&quot;&quot;,&quot;orientation&quot;:&quot;1&quot;}\" data-image-title=\"V046 Torre de la Colomera &#8211; Oropesa Fotos (2)\" data-image-description=\"\" data-medium-file=\"http:\/\/www.vigiasdelmediterraneo.com\/vdm\/wp-content\/uploads\/2019\/04\/V046-Torre-de-la-Colomera-Oropesa-Fotos-2-300x200.jpg\" data-large-file=\"http:\/\/www.vigiasdelmediterraneo.com\/vdm\/wp-content\/uploads\/2019\/04\/V046-Torre-de-la-Colomera-Oropesa-Fotos-2-1024x683.jpg\" src=\"http:\/\/www.vigiasdelmediterraneo.com\/vdm\/wp-content\/uploads\/2019\/04\/V046-Torre-de-la-Colomera-Oropesa-Fotos-2-396x264.jpg\" width=\"396\" height=\"264\" align=\"left\" title=\"V046 Torre de la Colomera - Oropesa Fotos (2)\" \/><\/a><\/div><\/div><div class=\"gallery-group images-2\" style=\"width: 199px; height: 268px;\"><div class=\"tiled-gallery-item tiled-gallery-item-small\"><a href=\"http:\/\/www.vigiasdelmediterraneo.com\/vdm\/v046-torre-de-la-colomera-oropesa-fotos-3\/\"><img data-attachment-id=\"3594\" data-orig-file=\"http:\/\/www.vigiasdelmediterraneo.com\/vdm\/wp-content\/uploads\/2019\/04\/V046-Torre-de-la-Colomera-Oropesa-Fotos-3.jpg\" data-orig-size=\"2200,1467\" data-comments-opened=\"1\" data-image-meta=\"{&quot;aperture&quot;:&quot;8&quot;,&quot;credit&quot;:&quot;&quot;,&quot;camera&quot;:&quot;Canon EOS 5D Mark II&quot;,&quot;caption&quot;:&quot;&quot;,&quot;created_timestamp&quot;:&quot;1448622361&quot;,&quot;copyright&quot;:&quot;&quot;,&quot;focal_length&quot;:&quot;214&quot;,&quot;iso&quot;:&quot;125&quot;,&quot;shutter_speed&quot;:&quot;0.003125&quot;,&quot;title&quot;:&quot;&quot;,&quot;orientation&quot;:&quot;1&quot;}\" data-image-title=\"V046 Torre de la Colomera &#8211; Oropesa Fotos (3)\" data-image-description=\"\" data-medium-file=\"http:\/\/www.vigiasdelmediterraneo.com\/vdm\/wp-content\/uploads\/2019\/04\/V046-Torre-de-la-Colomera-Oropesa-Fotos-3-300x200.jpg\" data-large-file=\"http:\/\/www.vigiasdelmediterraneo.com\/vdm\/wp-content\/uploads\/2019\/04\/V046-Torre-de-la-Colomera-Oropesa-Fotos-3-1024x683.jpg\" src=\"http:\/\/www.vigiasdelmediterraneo.com\/vdm\/wp-content\/uploads\/2019\/04\/V046-Torre-de-la-Colomera-Oropesa-Fotos-3-195x130.jpg\" width=\"195\" height=\"130\" align=\"left\" title=\"V046 Torre de la Colomera - Oropesa Fotos (3)\" \/><\/a><\/div><div class=\"tiled-gallery-item tiled-gallery-item-small\"><a href=\"http:\/\/www.vigiasdelmediterraneo.com\/vdm\/v046-torre-de-la-colomera-oropesa-fotos-1\/\"><img data-attachment-id=\"3592\" data-orig-file=\"http:\/\/www.vigiasdelmediterraneo.com\/vdm\/wp-content\/uploads\/2019\/04\/V046-Torre-de-la-Colomera-Oropesa-Fotos-1.jpg\" data-orig-size=\"2200,1467\" data-comments-opened=\"1\" data-image-meta=\"{&quot;aperture&quot;:&quot;8&quot;,&quot;credit&quot;:&quot;&quot;,&quot;camera&quot;:&quot;Canon EOS 5D Mark II&quot;,&quot;caption&quot;:&quot;&quot;,&quot;created_timestamp&quot;:&quot;1448616953&quot;,&quot;copyright&quot;:&quot;&quot;,&quot;focal_length&quot;:&quot;70&quot;,&quot;iso&quot;:&quot;125&quot;,&quot;shutter_speed&quot;:&quot;0.016666666666667&quot;,&quot;title&quot;:&quot;&quot;,&quot;orientation&quot;:&quot;1&quot;}\" data-image-title=\"V046 Torre de la Colomera &#8211; Oropesa Fotos (1)\" data-image-description=\"\" data-medium-file=\"http:\/\/www.vigiasdelmediterraneo.com\/vdm\/wp-content\/uploads\/2019\/04\/V046-Torre-de-la-Colomera-Oropesa-Fotos-1-300x200.jpg\" data-large-file=\"http:\/\/www.vigiasdelmediterraneo.com\/vdm\/wp-content\/uploads\/2019\/04\/V046-Torre-de-la-Colomera-Oropesa-Fotos-1-1024x683.jpg\" src=\"http:\/\/www.vigiasdelmediterraneo.com\/vdm\/wp-content\/uploads\/2019\/04\/V046-Torre-de-la-Colomera-Oropesa-Fotos-1-195x130.jpg\" width=\"195\" height=\"130\" align=\"left\" title=\"V046 Torre de la Colomera - Oropesa Fotos (1)\" \/><\/a><\/div><\/div><\/div><\/div>\n<\/div>\n<\/div>\n<div class=\"tx-row  tx-fwidth\" style=\"\"><div class=\"tx-fw-inner\" style=\"background-color: #f69e05; background-attachment: fixed; background-size: cover; \"><div class=\"tx-fw-overlay\" style=\"padding-bottom:15px; padding-top:15px; background-color: rgba(0,0,0,0.1);\"><div class=\"tx-fw-content\"><span style=\"color: #ffffff;\"><strong>GPS<br \/>\n<\/strong><\/span>40\u00b003&#8217;25.6&#8243;N 0\u00b006&#8217;22.0&#8243;E<br \/>\n40.057097, 0.106096<\/div><\/div><\/div><\/div>\n<p><iframe loading=\"lazy\" style=\"border: 0;\" src=\"https:\/\/www.google.com\/maps\/embed?pb=!1m18!1m12!1m3!1d3053.8202969702334!2d0.10392241571710506!3d40.05711107940863!2m3!1f0!2f0!3f0!3m2!1i1024!2i768!4f13.1!3m3!1m2!1s0x0%3A0x0!2zNDDCsDAzJzI1LjYiTiAwwrAwNicyMi4wIkU!5e0!3m2!1ses!2ses!4v1554177898927!5m2!1ses!2ses\" width=\"1500\" height=\"500\" frameborder=\"0\" allowfullscreen=\"allowfullscreen\"><span style=\"display: inline-block; width: 0px; overflow: hidden; line-height: 0;\" data-mce-type=\"bookmark\" class=\"mce_SELRES_start\">\ufeff<\/span><\/iframe><\/p>\n<h3><div class=\"tx-row  tx-fwidth\" style=\"\"><div class=\"tx-fw-inner\" style=\"background-color: #f69e05; background-attachment: fixed; background-size: cover; \"><div class=\"tx-fw-overlay\" style=\"padding-bottom:15px; padding-top:15px; background-color: rgba(0,0,0,0.1);\"><div class=\"tx-fw-content\"> Para Saber M\u00e1s <\/div><\/div><\/div><\/div><\/h3>\n<p>&nbsp;<\/p>\n<p><a href=\"https:\/\/es.wikipedia.org\/wiki\/Torre_del_Rey_(Oropesa)\"><img decoding=\"async\" loading=\"lazy\" class=\"wp-image-2015 alignnone\" src=\"http:\/\/www.vigiasdelmediterraneo.com\/vdm\/wp-content\/uploads\/2019\/03\/IconoWEB.png\" alt=\"\" width=\"70\" height=\"70\" \/><\/a><a href=\"https:\/\/www.castillosnet.org\/espana\/informacion.php?ref=CS-CAS-045\"><span style=\"color: #f69e05;\">\u00a0 Torre de la Colomera<\/span><\/a><br \/>\n<a href=\"https:\/\/es.wikipedia.org\/wiki\/Torre_del_Rey_(Oropesa)\"><img decoding=\"async\" loading=\"lazy\" class=\"wp-image-2015 alignnone\" src=\"http:\/\/www.vigiasdelmediterraneo.com\/vdm\/wp-content\/uploads\/2019\/03\/IconoWEB.png\" alt=\"\" width=\"70\" height=\"70\" \/><\/a><a href=\"https:\/\/sketchfab.com\/3d-models\/torre-colomera-oropesa-del-mar-castellon-ea28619787ef4f26af73063af9c9e63d\">\u00a0 <span style=\"color: #f69e05;\">Torre de la Colomera<\/span><\/a><br \/>\n<a href=\"https:\/\/es.wikipedia.org\/wiki\/Torre_del_Rey_(Oropesa)\"><img decoding=\"async\" loading=\"lazy\" class=\"wp-image-2015 alignnone\" src=\"http:\/\/www.vigiasdelmediterraneo.com\/vdm\/wp-content\/uploads\/2019\/03\/IconoWEB.png\" alt=\"\" width=\"70\" height=\"70\" \/><\/a><a href=\"https:\/\/es.wikipedia.org\/wiki\/Torre_Colomera_(Oropesa)\">\u00a0<span style=\"color: #f69e05;\"> Torre de la Colomera<\/span><\/a><br \/>\n<a href=\"https:\/\/es.wikipedia.org\/wiki\/Torre_del_Rey_(Oropesa)\"><img decoding=\"async\" loading=\"lazy\" class=\"wp-image-2015 alignnone\" src=\"http:\/\/www.vigiasdelmediterraneo.com\/vdm\/wp-content\/uploads\/2019\/03\/IconoWEB.png\" alt=\"\" width=\"70\" height=\"70\" \/><\/a><a href=\"http:\/\/castillosespanyoles.blogspot.com\/2012\/05\/torre-colomera-oropesa-del-mar.html\">\u00a0 <span style=\"color: #f69e05;\">Torre de la Colomera<\/span><\/a><br \/>\n<a href=\"http:\/\/www.vigiasdelmediterraneo.com\/vdm\/wp-content\/uploads\/2019\/03\/IconoVIDEO.png\"><img decoding=\"async\" loading=\"lazy\" class=\"wp-image-2016 alignnone\" src=\"http:\/\/www.vigiasdelmediterraneo.com\/vdm\/wp-content\/uploads\/2019\/03\/IconoVIDEO.png\" alt=\"\" width=\"70\" height=\"70\" \/><\/a><a href=\"https:\/\/www.youtube.com\/watch?v=UHVSnXeaBH4\"><span style=\"color: #f69e05;\">Torre de la Colomera<\/span><\/a><\/p>\n<p>&nbsp;<\/p>\n<p>&nbsp;<\/p>\n<div class=\"tx-row tx-fullwidthrow tx-fwidth\" style=\"\"><div class=\"tx-fw-inner\" style=\"background-color: ; height: 300px; background-image: url(http:\/\/www.vigiasdelmediterraneo.com\/vdm\/wp-content\/uploads\/2019\/04\/Orpesa.jpg); background-attachment: scroll; background-size: cover; \"><div class=\"tx-fw-overlay\" style=\"padding-bottom:32px; padding-top:32px; background-color: rgba(0,0,0,0.1);\"><div class=\"tx-fw-content\"><\/div><\/div><\/div><\/div>\n<p>&nbsp;<\/p>\n<p style=\"text-align: left;\"><div class=\"tx-row \">\n<div class=\"tx-column tx-column-size-1-4\"><a href=\"http:\/\/www.oropesadelmarturismo.com\/\" target=\"_blank\" rel=\"noopener\"><img decoding=\"async\" loading=\"lazy\" class=\"aligncenter wp-image-2860\" src=\"http:\/\/www.vigiasdelmediterraneo.com\/vdm\/wp-content\/uploads\/2019\/04\/Enlaces-ICON-150x150.jpg\" alt=\"\" width=\"200\" height=\"200\" srcset=\"http:\/\/www.vigiasdelmediterraneo.com\/vdm\/wp-content\/uploads\/2019\/04\/Enlaces-ICON-150x150.jpg 150w, http:\/\/www.vigiasdelmediterraneo.com\/vdm\/wp-content\/uploads\/2019\/04\/Enlaces-ICON.jpg 300w\" sizes=\"(max-width: 200px) 100vw, 200px\" \/><\/a><\/div>\n<div class=\"tx-column tx-column-size-1-4\"><a href=\"http:\/\/www.oropesadelmarturismo.com\/ver\/570\/Historia.html\" target=\"_blank\" rel=\"noopener\"><img decoding=\"async\" loading=\"lazy\" class=\"aligncenter wp-image-2863\" src=\"http:\/\/www.vigiasdelmediterraneo.com\/vdm\/wp-content\/uploads\/2019\/04\/Historia-ICON-150x150.jpg\" alt=\"\" width=\"200\" height=\"200\" srcset=\"http:\/\/www.vigiasdelmediterraneo.com\/vdm\/wp-content\/uploads\/2019\/04\/Historia-ICON-150x150.jpg 150w, http:\/\/www.vigiasdelmediterraneo.com\/vdm\/wp-content\/uploads\/2019\/04\/Historia-ICON.jpg 300w\" sizes=\"(max-width: 200px) 100vw, 200px\" \/><\/a><\/div>\n<div class=\"tx-column tx-column-size-1-4\"><a href=\"http:\/\/www.oropesadelmarturismo.com\/ver\/988\/Fiestas-y-Eventos.html\" target=\"_blank\" rel=\"noopener\"><img decoding=\"async\" loading=\"lazy\" class=\"aligncenter wp-image-2861\" src=\"http:\/\/www.vigiasdelmediterraneo.com\/vdm\/wp-content\/uploads\/2019\/04\/Fiestas-ICON-150x150.jpg\" alt=\"\" width=\"200\" height=\"200\" srcset=\"http:\/\/www.vigiasdelmediterraneo.com\/vdm\/wp-content\/uploads\/2019\/04\/Fiestas-ICON-150x150.jpg 150w, http:\/\/www.vigiasdelmediterraneo.com\/vdm\/wp-content\/uploads\/2019\/04\/Fiestas-ICON.jpg 300w\" sizes=\"(max-width: 200px) 100vw, 200px\" \/><\/a><\/div>\n<div class=\"tx-column tx-column-size-1-4\"><a href=\"http:\/\/www.oropesadelmarturismo.com\/ver\/545\/Gastronom%C3%ADa.html\" target=\"_blank\" rel=\"noopener\"><img decoding=\"async\" loading=\"lazy\" class=\"aligncenter wp-image-2862\" src=\"http:\/\/www.vigiasdelmediterraneo.com\/vdm\/wp-content\/uploads\/2019\/04\/Gastro-ICON-150x150.jpg\" alt=\"\" width=\"200\" height=\"200\" srcset=\"http:\/\/www.vigiasdelmediterraneo.com\/vdm\/wp-content\/uploads\/2019\/04\/Gastro-ICON-150x150.jpg 150w, http:\/\/www.vigiasdelmediterraneo.com\/vdm\/wp-content\/uploads\/2019\/04\/Gastro-ICON.jpg 300w\" sizes=\"(max-width: 200px) 100vw, 200px\" \/><\/a><\/div>\n<\/div>\n<p>&nbsp;<\/p>\n<p><!-- TEXTO OCULTO --><\/p>\n<p>&nbsp;<\/p>\n","protected":false},"excerpt":{"rendered":"<p>&nbsp; Construida en 1553, junto con la torre de la Corda. A estas dos torres, junto con las de &#8220;Badum&#8221; en Pe\u00f1\u00edscola y &#8220;Ebr\u00ed&#8221; en Alcal\u00e0 de Xivert se las conoce como<a class=\"moretag\" href=\"http:\/\/www.vigiasdelmediterraneo.com\/vdm\/torres\/torre-de-la-colomera\/\">Read More&#8230;<\/a><\/p>\n","protected":false},"author":1,"featured_media":0,"parent":73,"menu_order":0,"comment_status":"closed","ping_status":"closed","template":"","meta":{"footnotes":""},"categories":[7],"tags":[],"_links":{"self":[{"href":"http:\/\/www.vigiasdelmediterraneo.com\/vdm\/wp-json\/wp\/v2\/pages\/3587"}],"collection":[{"href":"http:\/\/www.vigiasdelmediterraneo.com\/vdm\/wp-json\/wp\/v2\/pages"}],"about":[{"href":"http:\/\/www.vigiasdelmediterraneo.com\/vdm\/wp-json\/wp\/v2\/types\/page"}],"author":[{"embeddable":true,"href":"http:\/\/www.vigiasdelmediterraneo.com\/vdm\/wp-json\/wp\/v2\/users\/1"}],"replies":[{"embeddable":true,"href":"http:\/\/www.vigiasdelmediterraneo.com\/vdm\/wp-json\/wp\/v2\/comments?post=3587"}],"version-history":[{"count":5,"href":"http:\/\/www.vigiasdelmediterraneo.com\/vdm\/wp-json\/wp\/v2\/pages\/3587\/revisions"}],"predecessor-version":[{"id":4119,"href":"http:\/\/www.vigiasdelmediterraneo.com\/vdm\/wp-json\/wp\/v2\/pages\/3587\/revisions\/4119"}],"up":[{"embeddable":true,"href":"http:\/\/www.vigiasdelmediterraneo.com\/vdm\/wp-json\/wp\/v2\/pages\/73"}],"wp:attachment":[{"href":"http:\/\/www.vigiasdelmediterraneo.com\/vdm\/wp-json\/wp\/v2\/media?parent=3587"}],"wp:term":[{"taxonomy":"category","embeddable":true,"href":"http:\/\/www.vigiasdelmediterraneo.com\/vdm\/wp-json\/wp\/v2\/categories?post=3587"},{"taxonomy":"post_tag","embeddable":true,"href":"http:\/\/www.vigiasdelmediterraneo.com\/vdm\/wp-json\/wp\/v2\/tags?post=3587"}],"curies":[{"name":"wp","href":"https:\/\/api.w.org\/{rel}","templated":true}]}}