{"id":3975,"date":"2019-04-03T20:46:20","date_gmt":"2019-04-03T20:46:20","guid":{"rendered":"http:\/\/www.vigiasdelmediterraneo.com\/vdm\/?page_id=3975"},"modified":"2019-04-08T18:09:14","modified_gmt":"2019-04-08T18:09:14","slug":"torre-baluarte-del-grau-de-valencia","status":"publish","type":"page","link":"http:\/\/www.vigiasdelmediterraneo.com\/vdm\/torres\/torre-baluarte-del-grau-de-valencia\/","title":{"rendered":"Torre Baluarte del Grau de Valencia"},"content":{"rendered":"<div class=\"tx-row tx-fullwidthrow tx-fwidth\" style=\"\"><div class=\"tx-fw-inner\" style=\"background-color: #ffffff; height: 250px; background-image: url(http:\/\/www.vigiasdelmediterraneo.com\/vdm\/wp-content\/uploads\/2019\/04\/B36.jpg); background-attachment: scroll; background-size: cover; \"><div class=\"tx-fw-overlay\" style=\"padding-bottom:0px; padding-top:0px; background-color: rgba(0,0,0,0.1);\"><div class=\"tx-fw-content\"><\/div><\/div><\/div><\/div>\n<div class=\"tx-row tx-fullwidthrow tx-fwidth\" style=\"\"><div class=\"tx-fw-inner\" style=\"background-color: #000; background-attachment: fixed; background-size: cover; \"><div class=\"tx-fw-overlay\" style=\"padding-bottom:32px; padding-top:32px; background-color: rgba(0,0,0,0.9);\"><div class=\"tx-fw-content\">\n<div class=\"tx-row \">\n<div class=\"tx-column tx-column-size-1-4\">\n<p><span style=\"color: #ffcc00;\"><strong><span style=\"color: #f69e05;\">Tambi\u00e9n llamada<br \/>\n<\/span><\/strong><\/span>Torre de Cebolla, Torre del Puche<\/p>\n<p><span style=\"color: #ffcc00;\"><span style=\"color: #f69e05;\"><strong>Est\u00e1 en<br \/>\n<\/strong><\/span><\/span>Valencia<br \/>\nValencia<br \/>\nComunidad Valenciana<br \/>\nEspa\u00f1a<\/p>\n<p><span style=\"color: #ffcc00;\"><strong><span style=\"color: #f69e05;\">\u00c9poca<br \/>\n<\/span><\/strong><\/span>Siglo XVI<\/p>\n<p><strong><span style=\"color: #f69e05;\">Se comunica con<br \/>\n<\/span><\/strong>N &#8211; Torre del Puig &#8211; 14,2 km (aprox)<br \/>\nS &#8211; Torre Nova de les Salines &#8211; 6,7 km (aprox)<\/p>\n<p><strong><span style=\"color: #f69e05;\">Estado actual<\/span><br \/>\n<\/strong>Desaparecida<\/p>\n<\/div>\n<div class=\"tx-column tx-column-size-3-4\">\n<p><a href=\"http:\/\/www.vigiasdelmediterraneo.com\/vdm\/wp-content\/uploads\/2019\/04\/36.jpg\"><img decoding=\"async\" loading=\"lazy\" class=\"alignnone wp-image-1973\" src=\"http:\/\/www.vigiasdelmediterraneo.com\/vdm\/wp-content\/uploads\/2019\/04\/36.jpg\" alt=\"\" width=\"900\" height=\"512\" \/><\/a><\/div>\n<\/div>\n<\/div><\/div><\/div><\/div>\n<p>&nbsp;<\/p>\n<p>Levantada sobre una playa de arena fina al norte de la desembocadura del r\u00edo Guadalaviar.<\/p>\n<p>Se encargaba de la defensa del Grau, de los alrededores de la ciudad de Valencia y de la desembocadura del r\u00edo. Ya en \u00e9poca musulmana exist\u00eda cerca de la actual una peque\u00f1a fortaleza que controlaba esta porci\u00f3n del litoral y en 1277 el rey Jaime I mando construir una torre con la misma finalidad.<\/p>\n<p>El Baluarte del Grao se levanta en el siglo XVI y forma parte de la cadena de torres de vigilancia y defensa de Felipe II. El Grao de Valencia es ya en esta \u00e9poca un prospero puerto en el que atracan gran cantidad de nav\u00edos cargados de vituallas y mercader\u00edas de Italia, Francia, y las islas<\/p>\n<p>Estaba equipado con un ca\u00f1\u00f3n, 2 culebrinas grandes y una mediana. A este baluarte ven\u00edan cada noche 40 vecinos de la ciudad de Valencia a hacer guardias hasta que se dot\u00f3 con una tropa de infanter\u00eda permanente, tambi\u00e9n contaba con un artillero, que paga la ciudad de Valencia, y 2 atajadores de a caballo.<\/p>\n<p>En 1850 fue vendido a un particular y demolido en 1855.<\/p>\n<p>&nbsp;<\/p>\n<p style=\"text-align: justify;\"><span style=\"color: #f69e05;\">Era un fort\u00edn grande, de planta cuadrangular, con unos cubos redondos a las dos esquinas<br \/>\n<\/span><\/p>\n<p style=\"text-align: justify;\"><span style=\"color: #f69e05;\">\u00a0<\/span><\/p>\n<p>&nbsp;<\/p>\n<p>&nbsp;<\/p>\n<div class=\"tx-row \">\n<div class=\"tx-column tx-column-size-1-2\">\n<div data-carousel-extra='{\"blog_id\":1,\"permalink\":\"http:\\\/\\\/www.vigiasdelmediterraneo.com\\\/vdm\\\/torres\\\/torre-baluarte-del-grau-de-valencia\\\/\"}' class=\"tiled-gallery type-rectangular\" data-original-width=\"604\"><div class=\"gallery-row\" style=\"width: 599px; height: 264px;\"><div class=\"gallery-group images-1\" style=\"width: 410px; height: 268px;\"><div class=\"tiled-gallery-item tiled-gallery-item-large\"><a href=\"http:\/\/www.vigiasdelmediterraneo.com\/vdm\/v034-torre-baluarte-del-grau-de-valencia-fotos-h-4\/\"><img data-attachment-id=\"3982\" data-orig-file=\"http:\/\/www.vigiasdelmediterraneo.com\/vdm\/wp-content\/uploads\/2019\/04\/V034-Torre-Baluarte-del-Grau-de-Valencia-Fotos-H-4.jpg\" data-orig-size=\"3076,2000\" data-comments-opened=\"1\" data-image-meta=\"{&quot;aperture&quot;:&quot;0&quot;,&quot;credit&quot;:&quot;&quot;,&quot;camera&quot;:&quot;&quot;,&quot;caption&quot;:&quot;&quot;,&quot;created_timestamp&quot;:&quot;0&quot;,&quot;copyright&quot;:&quot;&quot;,&quot;focal_length&quot;:&quot;0&quot;,&quot;iso&quot;:&quot;0&quot;,&quot;shutter_speed&quot;:&quot;0&quot;,&quot;title&quot;:&quot;&quot;,&quot;orientation&quot;:&quot;1&quot;}\" data-image-title=\"V034 Torre Baluarte del Grau de Valencia Fotos H (4)\" data-image-description=\"\" data-medium-file=\"http:\/\/www.vigiasdelmediterraneo.com\/vdm\/wp-content\/uploads\/2019\/04\/V034-Torre-Baluarte-del-Grau-de-Valencia-Fotos-H-4-300x195.jpg\" data-large-file=\"http:\/\/www.vigiasdelmediterraneo.com\/vdm\/wp-content\/uploads\/2019\/04\/V034-Torre-Baluarte-del-Grau-de-Valencia-Fotos-H-4-1024x666.jpg\" src=\"http:\/\/www.vigiasdelmediterraneo.com\/vdm\/wp-content\/uploads\/2019\/04\/V034-Torre-Baluarte-del-Grau-de-Valencia-Fotos-H-4-406x264.jpg\" width=\"406\" height=\"264\" align=\"left\" title=\"V034 Torre Baluarte del Grau de Valencia Fotos H (4)\" \/><\/a><\/div><\/div><div class=\"gallery-group images-2\" style=\"width: 189px; height: 268px;\"><div class=\"tiled-gallery-item tiled-gallery-item-small\"><a href=\"http:\/\/www.vigiasdelmediterraneo.com\/vdm\/v034-torre-baluarte-del-grau-de-valencia-fotos-h-5\/\"><img data-attachment-id=\"3983\" data-orig-file=\"http:\/\/www.vigiasdelmediterraneo.com\/vdm\/wp-content\/uploads\/2019\/04\/V034-Torre-Baluarte-del-Grau-de-Valencia-Fotos-H-5.jpg\" data-orig-size=\"1200,920\" data-comments-opened=\"1\" data-image-meta=\"{&quot;aperture&quot;:&quot;0&quot;,&quot;credit&quot;:&quot;&quot;,&quot;camera&quot;:&quot;&quot;,&quot;caption&quot;:&quot;&quot;,&quot;created_timestamp&quot;:&quot;0&quot;,&quot;copyright&quot;:&quot;&quot;,&quot;focal_length&quot;:&quot;0&quot;,&quot;iso&quot;:&quot;0&quot;,&quot;shutter_speed&quot;:&quot;0&quot;,&quot;title&quot;:&quot;&quot;,&quot;orientation&quot;:&quot;1&quot;}\" data-image-title=\"V034 Torre Baluarte del Grau de Valencia Fotos H (5)\" data-image-description=\"\" data-medium-file=\"http:\/\/www.vigiasdelmediterraneo.com\/vdm\/wp-content\/uploads\/2019\/04\/V034-Torre-Baluarte-del-Grau-de-Valencia-Fotos-H-5-300x230.jpg\" data-large-file=\"http:\/\/www.vigiasdelmediterraneo.com\/vdm\/wp-content\/uploads\/2019\/04\/V034-Torre-Baluarte-del-Grau-de-Valencia-Fotos-H-5-1024x785.jpg\" src=\"http:\/\/www.vigiasdelmediterraneo.com\/vdm\/wp-content\/uploads\/2019\/04\/V034-Torre-Baluarte-del-Grau-de-Valencia-Fotos-H-5-185x142.jpg\" width=\"185\" height=\"142\" align=\"left\" title=\"V034 Torre Baluarte del Grau de Valencia Fotos H (5)\" \/><\/a><\/div><div class=\"tiled-gallery-item tiled-gallery-item-small\"><a href=\"http:\/\/www.vigiasdelmediterraneo.com\/vdm\/v034-torre-baluarte-del-grau-de-valencia-fotos-h-6\/\"><img data-attachment-id=\"3984\" data-orig-file=\"http:\/\/www.vigiasdelmediterraneo.com\/vdm\/wp-content\/uploads\/2019\/04\/V034-Torre-Baluarte-del-Grau-de-Valencia-Fotos-H-6.jpg\" data-orig-size=\"1200,769\" data-comments-opened=\"1\" data-image-meta=\"{&quot;aperture&quot;:&quot;0&quot;,&quot;credit&quot;:&quot;&quot;,&quot;camera&quot;:&quot;&quot;,&quot;caption&quot;:&quot;&quot;,&quot;created_timestamp&quot;:&quot;0&quot;,&quot;copyright&quot;:&quot;&quot;,&quot;focal_length&quot;:&quot;0&quot;,&quot;iso&quot;:&quot;0&quot;,&quot;shutter_speed&quot;:&quot;0&quot;,&quot;title&quot;:&quot;&quot;,&quot;orientation&quot;:&quot;1&quot;}\" data-image-title=\"V034 Torre Baluarte del Grau de Valencia Fotos H (6)\" data-image-description=\"\" data-medium-file=\"http:\/\/www.vigiasdelmediterraneo.com\/vdm\/wp-content\/uploads\/2019\/04\/V034-Torre-Baluarte-del-Grau-de-Valencia-Fotos-H-6-300x192.jpg\" data-large-file=\"http:\/\/www.vigiasdelmediterraneo.com\/vdm\/wp-content\/uploads\/2019\/04\/V034-Torre-Baluarte-del-Grau-de-Valencia-Fotos-H-6-1024x656.jpg\" src=\"http:\/\/www.vigiasdelmediterraneo.com\/vdm\/wp-content\/uploads\/2019\/04\/V034-Torre-Baluarte-del-Grau-de-Valencia-Fotos-H-6-185x118.jpg\" width=\"185\" height=\"118\" align=\"left\" title=\"V034 Torre Baluarte del Grau de Valencia Fotos H (6)\" \/><\/a><\/div><\/div><\/div><\/div>\n<\/div>\n<div class=\"tx-column tx-column-size-1-2\">\n<div data-carousel-extra='{\"blog_id\":1,\"permalink\":\"http:\\\/\\\/www.vigiasdelmediterraneo.com\\\/vdm\\\/torres\\\/torre-baluarte-del-grau-de-valencia\\\/\"}' class=\"tiled-gallery type-rectangular\" data-original-width=\"604\"><div class=\"gallery-row\" style=\"width: 599px; height: 268px;\"><div class=\"gallery-group images-1\" style=\"width: 407px; height: 272px;\"><div class=\"tiled-gallery-item tiled-gallery-item-large\"><a href=\"http:\/\/www.vigiasdelmediterraneo.com\/vdm\/v034-torre-baluarte-del-grau-de-valencia-fotos-h-1\/\"><img data-attachment-id=\"3979\" data-orig-file=\"http:\/\/www.vigiasdelmediterraneo.com\/vdm\/wp-content\/uploads\/2019\/04\/V034-Torre-Baluarte-del-Grau-de-Valencia-Fotos-H-1.jpg\" data-orig-size=\"2200,1461\" data-comments-opened=\"1\" data-image-meta=\"{&quot;aperture&quot;:&quot;0&quot;,&quot;credit&quot;:&quot;&quot;,&quot;camera&quot;:&quot;&quot;,&quot;caption&quot;:&quot;&quot;,&quot;created_timestamp&quot;:&quot;0&quot;,&quot;copyright&quot;:&quot;&quot;,&quot;focal_length&quot;:&quot;0&quot;,&quot;iso&quot;:&quot;0&quot;,&quot;shutter_speed&quot;:&quot;0&quot;,&quot;title&quot;:&quot;&quot;,&quot;orientation&quot;:&quot;1&quot;}\" data-image-title=\"V034 Torre Baluarte del Grau de Valencia Fotos H (1)\" data-image-description=\"\" data-medium-file=\"http:\/\/www.vigiasdelmediterraneo.com\/vdm\/wp-content\/uploads\/2019\/04\/V034-Torre-Baluarte-del-Grau-de-Valencia-Fotos-H-1-300x199.jpg\" data-large-file=\"http:\/\/www.vigiasdelmediterraneo.com\/vdm\/wp-content\/uploads\/2019\/04\/V034-Torre-Baluarte-del-Grau-de-Valencia-Fotos-H-1-1024x680.jpg\" src=\"http:\/\/www.vigiasdelmediterraneo.com\/vdm\/wp-content\/uploads\/2019\/04\/V034-Torre-Baluarte-del-Grau-de-Valencia-Fotos-H-1-403x268.jpg\" width=\"403\" height=\"268\" align=\"left\" title=\"V034 Torre Baluarte del Grau de Valencia Fotos H (1)\" \/><\/a><\/div><\/div><div class=\"gallery-group images-1\" style=\"width: 192px; height: 272px;\"><div class=\"tiled-gallery-item tiled-gallery-item-small\"><a href=\"http:\/\/www.vigiasdelmediterraneo.com\/vdm\/v034-torre-baluarte-del-grau-de-valencia-fotos-h-3\/\"><img data-attachment-id=\"3981\" data-orig-file=\"http:\/\/www.vigiasdelmediterraneo.com\/vdm\/wp-content\/uploads\/2019\/04\/V034-Torre-Baluarte-del-Grau-de-Valencia-Fotos-H-3.jpg\" data-orig-size=\"1451,2067\" data-comments-opened=\"1\" data-image-meta=\"{&quot;aperture&quot;:&quot;0&quot;,&quot;credit&quot;:&quot;&quot;,&quot;camera&quot;:&quot;&quot;,&quot;caption&quot;:&quot;&quot;,&quot;created_timestamp&quot;:&quot;0&quot;,&quot;copyright&quot;:&quot;&quot;,&quot;focal_length&quot;:&quot;0&quot;,&quot;iso&quot;:&quot;0&quot;,&quot;shutter_speed&quot;:&quot;0&quot;,&quot;title&quot;:&quot;&quot;,&quot;orientation&quot;:&quot;1&quot;}\" data-image-title=\"V034 Torre Baluarte del Grau de Valencia Fotos H (3)\" data-image-description=\"\" data-medium-file=\"http:\/\/www.vigiasdelmediterraneo.com\/vdm\/wp-content\/uploads\/2019\/04\/V034-Torre-Baluarte-del-Grau-de-Valencia-Fotos-H-3-211x300.jpg\" data-large-file=\"http:\/\/www.vigiasdelmediterraneo.com\/vdm\/wp-content\/uploads\/2019\/04\/V034-Torre-Baluarte-del-Grau-de-Valencia-Fotos-H-3-719x1024.jpg\" src=\"http:\/\/www.vigiasdelmediterraneo.com\/vdm\/wp-content\/uploads\/2019\/04\/V034-Torre-Baluarte-del-Grau-de-Valencia-Fotos-H-3-188x268.jpg\" width=\"188\" height=\"268\" align=\"left\" title=\"V034 Torre Baluarte del Grau de Valencia Fotos H (3)\" \/><\/a><\/div><\/div><\/div><div class=\"gallery-row\" style=\"width: 599px; height: 504px;\"><div class=\"gallery-group images-1\" style=\"width: 599px; height: 508px;\"><div class=\"tiled-gallery-item tiled-gallery-item-large\"><a href=\"http:\/\/www.vigiasdelmediterraneo.com\/vdm\/v034-torre-baluarte-del-grau-de-valencia-fotos-h-2\/\"><img data-attachment-id=\"3980\" data-orig-file=\"http:\/\/www.vigiasdelmediterraneo.com\/vdm\/wp-content\/uploads\/2019\/04\/V034-Torre-Baluarte-del-Grau-de-Valencia-Fotos-H-2.jpg\" data-orig-size=\"1800,1524\" data-comments-opened=\"1\" data-image-meta=\"{&quot;aperture&quot;:&quot;0&quot;,&quot;credit&quot;:&quot;&quot;,&quot;camera&quot;:&quot;&quot;,&quot;caption&quot;:&quot;&quot;,&quot;created_timestamp&quot;:&quot;0&quot;,&quot;copyright&quot;:&quot;&quot;,&quot;focal_length&quot;:&quot;0&quot;,&quot;iso&quot;:&quot;0&quot;,&quot;shutter_speed&quot;:&quot;0&quot;,&quot;title&quot;:&quot;&quot;,&quot;orientation&quot;:&quot;1&quot;}\" data-image-title=\"V034 Torre Baluarte del Grau de Valencia Fotos H (2)\" data-image-description=\"\" data-medium-file=\"http:\/\/www.vigiasdelmediterraneo.com\/vdm\/wp-content\/uploads\/2019\/04\/V034-Torre-Baluarte-del-Grau-de-Valencia-Fotos-H-2-300x254.jpg\" data-large-file=\"http:\/\/www.vigiasdelmediterraneo.com\/vdm\/wp-content\/uploads\/2019\/04\/V034-Torre-Baluarte-del-Grau-de-Valencia-Fotos-H-2-1024x867.jpg\" src=\"http:\/\/www.vigiasdelmediterraneo.com\/vdm\/wp-content\/uploads\/2019\/04\/V034-Torre-Baluarte-del-Grau-de-Valencia-Fotos-H-2-595x504.jpg\" width=\"595\" height=\"504\" align=\"left\" title=\"V034 Torre Baluarte del Grau de Valencia Fotos H (2)\" \/><\/a><\/div><\/div><\/div><\/div>\n<\/div>\n<\/div>\n<div class=\"tx-row  tx-fwidth\" style=\"\"><div class=\"tx-fw-inner\" style=\"background-color: #f69e05; background-attachment: fixed; background-size: cover; \"><div class=\"tx-fw-overlay\" style=\"padding-bottom:15px; padding-top:15px; background-color: rgba(0,0,0,0.1);\"><div class=\"tx-fw-content\"><span style=\"color: #ffffff;\"><strong>GPS<br \/>\n<\/strong><\/span>39\u00b027&#8217;35.1&#8243;N 0\u00b019&#8217;54.9&#8243;W<br \/>\n39.459761, -0.331915<\/div><\/div><\/div><\/div>\n<p><iframe loading=\"lazy\" style=\"border: 0;\" src=\"https:\/\/www.google.com\/maps\/embed?pb=!1m18!1m12!1m3!1d3080.423957873288!2d-0.3341053842979682!3d39.45974997948795!2m3!1f0!2f0!3f0!3m2!1i1024!2i768!4f13.1!3m3!1m2!1s0x0%3A0x0!2zMznCsDI3JzM1LjEiTiAwwrAxOSc1NC45Ilc!5e0!3m2!1ses!2ses!4v1554324629814!5m2!1ses!2ses\" width=\"1500\" height=\"500\" frameborder=\"0\" allowfullscreen=\"allowfullscreen\"><span style=\"display: inline-block; width: 0px; overflow: hidden; line-height: 0;\" data-mce-type=\"bookmark\" class=\"mce_SELRES_start\">\ufeff<\/span><\/iframe><\/p>\n<h3><div class=\"tx-row  tx-fwidth\" style=\"\"><div class=\"tx-fw-inner\" style=\"background-color: #f69e05; background-attachment: fixed; background-size: cover; \"><div class=\"tx-fw-overlay\" style=\"padding-bottom:15px; padding-top:15px; background-color: rgba(0,0,0,0.1);\"><div class=\"tx-fw-content\"> Para Saber M\u00e1s <\/div><\/div><\/div><\/div><\/h3>\n<p>&nbsp;<\/p>\n<p><a href=\"https:\/\/es.wikipedia.org\/wiki\/Torre_del_Rey_(Oropesa)\"><img decoding=\"async\" loading=\"lazy\" class=\"wp-image-2015 alignnone\" src=\"http:\/\/www.vigiasdelmediterraneo.com\/vdm\/wp-content\/uploads\/2019\/03\/IconoWEB.png\" alt=\"\" width=\"70\" height=\"70\" \/><\/a><a href=\"https:\/\/www.levante-emv.com\/valencia\/2016\/07\/05\/baluarte-grao\/1440485.html\"><span style=\"color: #f69e05;\">\u00a0Torre Baluarte del Grau de Valencia<\/span><\/a><br \/>\n<a href=\"https:\/\/es.wikipedia.org\/wiki\/Torre_del_Rey_(Oropesa)\"><img decoding=\"async\" loading=\"lazy\" class=\"wp-image-2015 alignnone\" src=\"http:\/\/www.vigiasdelmediterraneo.com\/vdm\/wp-content\/uploads\/2019\/03\/IconoWEB.png\" alt=\"\" width=\"70\" height=\"70\" \/><\/a><a href=\"https:\/\/toviva.blogs.upv.es\/baluarte-del-grau-de-valencia\/\">\u00a0 <span style=\"color: #f69e05;\">Torre Baluarte del Grau de Valencia<\/span><\/a><br \/>\n<a href=\"https:\/\/es.wikipedia.org\/wiki\/Torre_del_Rey_(Oropesa)\"><img decoding=\"async\" loading=\"lazy\" class=\"wp-image-2015 alignnone\" src=\"http:\/\/www.vigiasdelmediterraneo.com\/vdm\/wp-content\/uploads\/2019\/03\/IconoWEB.png\" alt=\"\" width=\"70\" height=\"70\" \/><\/a><a href=\"https:\/\/www.levante-emv.com\/valencia\/2009\/11\/04\/investigador-localiza-primer-plano-segundo-baluarte-grao\/648083.html\">\u00a0<span style=\"color: #f69e05;\"> Torre Baluarte del Grau de Valencia<\/span><\/a><br \/>\n<a href=\"http:\/\/www.vigiasdelmediterraneo.com\/vdm\/wp-content\/uploads\/2019\/03\/IconoVIDEO.png\"><img decoding=\"async\" loading=\"lazy\" class=\"wp-image-2016 alignnone\" src=\"http:\/\/www.vigiasdelmediterraneo.com\/vdm\/wp-content\/uploads\/2019\/03\/IconoVIDEO.png\" alt=\"\" width=\"70\" height=\"70\" \/><\/a><a href=\"https:\/\/www.youtube.com\/watch?v=_35MQnhu3mI\"><span style=\"color: #f69e05;\">\u00a0 Torre Baluarte del Grau de Valencia<\/span><\/a><\/p>\n<p>&nbsp;<\/p>\n<p>&nbsp;<\/p>\n<div class=\"tx-row tx-fullwidthrow tx-fwidth\" style=\"\"><div class=\"tx-fw-inner\" style=\"background-color: ; height: 300px; background-image: url(http:\/\/www.vigiasdelmediterraneo.com\/vdm\/wp-content\/uploads\/2019\/04\/Valencia-2.jpg); background-attachment: scroll; background-size: cover; \"><div class=\"tx-fw-overlay\" style=\"padding-bottom:32px; padding-top:32px; background-color: rgba(0,0,0,0.1);\"><div class=\"tx-fw-content\"><\/div><\/div><\/div><\/div>\n<p>&nbsp;<\/p>\n<p style=\"text-align: left;\"><div class=\"tx-row \">\n<div class=\"tx-column tx-column-size-1-4\"><a href=\"https:\/\/www.visitvalencia.com\/\" target=\"_blank\" rel=\"noopener\"><img decoding=\"async\" loading=\"lazy\" class=\"aligncenter wp-image-2860\" src=\"http:\/\/www.vigiasdelmediterraneo.com\/vdm\/wp-content\/uploads\/2019\/04\/Enlaces-ICON-150x150.jpg\" alt=\"\" width=\"200\" height=\"200\" srcset=\"http:\/\/www.vigiasdelmediterraneo.com\/vdm\/wp-content\/uploads\/2019\/04\/Enlaces-ICON-150x150.jpg 150w, http:\/\/www.vigiasdelmediterraneo.com\/vdm\/wp-content\/uploads\/2019\/04\/Enlaces-ICON.jpg 300w\" sizes=\"(max-width: 200px) 100vw, 200px\" \/><\/a><\/div>\n<div class=\"tx-column tx-column-size-1-4\"><a href=\"https:\/\/www.lovevalencia.com\/historia-de-valencia.html\" target=\"_blank\" rel=\"noopener\"><img decoding=\"async\" loading=\"lazy\" class=\"aligncenter wp-image-2863\" src=\"http:\/\/www.vigiasdelmediterraneo.com\/vdm\/wp-content\/uploads\/2019\/04\/Historia-ICON-150x150.jpg\" alt=\"\" width=\"200\" height=\"200\" srcset=\"http:\/\/www.vigiasdelmediterraneo.com\/vdm\/wp-content\/uploads\/2019\/04\/Historia-ICON-150x150.jpg 150w, http:\/\/www.vigiasdelmediterraneo.com\/vdm\/wp-content\/uploads\/2019\/04\/Historia-ICON.jpg 300w\" sizes=\"(max-width: 200px) 100vw, 200px\" \/><\/a><\/div>\n<div class=\"tx-column tx-column-size-1-4\"><a href=\"https:\/\/www.visitvalencia.com\/agenda-valencia\/fiestas\" target=\"_blank\" rel=\"noopener\"><img decoding=\"async\" loading=\"lazy\" class=\"aligncenter wp-image-2861\" src=\"http:\/\/www.vigiasdelmediterraneo.com\/vdm\/wp-content\/uploads\/2019\/04\/Fiestas-ICON-150x150.jpg\" alt=\"\" width=\"200\" height=\"200\" srcset=\"http:\/\/www.vigiasdelmediterraneo.com\/vdm\/wp-content\/uploads\/2019\/04\/Fiestas-ICON-150x150.jpg 150w, http:\/\/www.vigiasdelmediterraneo.com\/vdm\/wp-content\/uploads\/2019\/04\/Fiestas-ICON.jpg 300w\" sizes=\"(max-width: 200px) 100vw, 200px\" \/><\/a><\/div>\n<div class=\"tx-column tx-column-size-1-4\"><a href=\"https:\/\/www.visitvalencia.com\/que-hacer-valencia\/gastronomia\" target=\"_blank\" rel=\"noopener\"><img decoding=\"async\" loading=\"lazy\" class=\"aligncenter wp-image-2862\" src=\"http:\/\/www.vigiasdelmediterraneo.com\/vdm\/wp-content\/uploads\/2019\/04\/Gastro-ICON-150x150.jpg\" alt=\"\" width=\"200\" height=\"200\" srcset=\"http:\/\/www.vigiasdelmediterraneo.com\/vdm\/wp-content\/uploads\/2019\/04\/Gastro-ICON-150x150.jpg 150w, http:\/\/www.vigiasdelmediterraneo.com\/vdm\/wp-content\/uploads\/2019\/04\/Gastro-ICON.jpg 300w\" sizes=\"(max-width: 200px) 100vw, 200px\" \/><\/a><\/div>\n<\/div>\n<p>&nbsp;<\/p>\n<p><!-- TEXTO OCULTO --><\/p>\n<p>&nbsp;<\/p>\n","protected":false},"excerpt":{"rendered":"<p>&nbsp; Levantada sobre una playa de arena fina al norte de la desembocadura del r\u00edo Guadalaviar. Se encargaba de la defensa del Grau, de los alrededores de la ciudad de Valencia y<a class=\"moretag\" href=\"http:\/\/www.vigiasdelmediterraneo.com\/vdm\/torres\/torre-baluarte-del-grau-de-valencia\/\">Read More&#8230;<\/a><\/p>\n","protected":false},"author":1,"featured_media":0,"parent":73,"menu_order":0,"comment_status":"closed","ping_status":"closed","template":"","meta":{"footnotes":""},"categories":[6],"tags":[],"_links":{"self":[{"href":"http:\/\/www.vigiasdelmediterraneo.com\/vdm\/wp-json\/wp\/v2\/pages\/3975"}],"collection":[{"href":"http:\/\/www.vigiasdelmediterraneo.com\/vdm\/wp-json\/wp\/v2\/pages"}],"about":[{"href":"http:\/\/www.vigiasdelmediterraneo.com\/vdm\/wp-json\/wp\/v2\/types\/page"}],"author":[{"embeddable":true,"href":"http:\/\/www.vigiasdelmediterraneo.com\/vdm\/wp-json\/wp\/v2\/users\/1"}],"replies":[{"embeddable":true,"href":"http:\/\/www.vigiasdelmediterraneo.com\/vdm\/wp-json\/wp\/v2\/comments?post=3975"}],"version-history":[{"count":6,"href":"http:\/\/www.vigiasdelmediterraneo.com\/vdm\/wp-json\/wp\/v2\/pages\/3975\/revisions"}],"predecessor-version":[{"id":4126,"href":"http:\/\/www.vigiasdelmediterraneo.com\/vdm\/wp-json\/wp\/v2\/pages\/3975\/revisions\/4126"}],"up":[{"embeddable":true,"href":"http:\/\/www.vigiasdelmediterraneo.com\/vdm\/wp-json\/wp\/v2\/pages\/73"}],"wp:attachment":[{"href":"http:\/\/www.vigiasdelmediterraneo.com\/vdm\/wp-json\/wp\/v2\/media?parent=3975"}],"wp:term":[{"taxonomy":"category","embeddable":true,"href":"http:\/\/www.vigiasdelmediterraneo.com\/vdm\/wp-json\/wp\/v2\/categories?post=3975"},{"taxonomy":"post_tag","embeddable":true,"href":"http:\/\/www.vigiasdelmediterraneo.com\/vdm\/wp-json\/wp\/v2\/tags?post=3975"}],"curies":[{"name":"wp","href":"https:\/\/api.w.org\/{rel}","templated":true}]}}